{"id":751,"date":"2023-11-03T15:52:22","date_gmt":"2023-11-03T12:52:22","guid":{"rendered":"http:\/\/atlas-scc.com\/?page_id=751"},"modified":"2024-04-08T16:36:51","modified_gmt":"2024-04-08T13:36:51","slug":"isbirligi","status":"publish","type":"page","link":"https:\/\/atlas-scc.com\/tr\/isbirligi\/","title":{"rendered":"\u0130\u015fbirli\u011fi"},"content":{"rendered":"<p><section class=\"kc-elm kc-css-930469 kc_row\"><div class=\"kc-row-container  kc-container\"><div class=\"kc-wrap-columns\"><div class=\"kc-elm kc-css-572983 kc_col-sm-3 kc_column kc_col-sm-3\"><div class=\"kc-col-container\"><div class=\"kc-elm kc-css-363458 kc_shortcode kc_single_image\">\n\n        <img decoding=\"async\" src=\"https:\/\/atlas-scc.com\/wp-content\/uploads\/denz-logo.jpg\" class=\"\" alt=\"\" \/>    <\/div>\n<\/div><\/div><div class=\"kc-elm kc-css-95655 kc_col-sm-9 kc_column kc_col-sm-9\"><div class=\"kc-col-container\"><div class=\"kc-elm kc-css-572200 kc_text_block\"><\/p>\n<h3>DEN-Z Projects and Consultancy<\/h3>\n<\/p>\n<p>Den-Z Geri D\u00f6n\u00fc\u015f\u00fcm Projeleri ve Dan\u0131\u015fmanl\u0131k \u015eirketi, end\u00fcstriler i\u00e7in geri d\u00f6n\u00fc\u015f\u00fcm ve d\u00f6ng\u00fcsel projeler<br \/>tasarlar, ve s\u00fcre\u00e7 y\u00f6netiminde i\u015fletmelere yard\u0131mc\u0131 olur. Tekstil end\u00fcstrisinin kirlilik sorununu \u00e7\u00f6zmek<br \/>i\u00e7in kaynak kullan\u0131m\u0131 ve \u00fcretim ad\u0131mlar\u0131n\u0131n azalt\u0131lmas\u0131, yani at\u0131klar\u0131n ya geri d\u00f6n\u00fc\u015ft\u00fcr\u00fclmesi ya da<br \/>malzeme kullan\u0131m verimlili\u011finin art\u0131r\u0131lmas\u0131 anlam\u0131na gelir. S\u00fcrd\u00fcr\u00fclebilir ekosistemler olu\u015fturmak i\u00e7in<br \/>yeni y\u00f6ntemlere ihtiya\u00e7 vard\u0131r. At\u0131klar ne kadar karma\u015f\u0131k olursa olsun, de\u011ferli yeni malzemelere<br \/>d\u00f6n\u00fc\u015ft\u00fcr\u00fclebilirler ve bir\u00e7ok sorun bir arada \u00e7\u00f6z\u00fclebilir.<\/p>\n<p>\n<\/div><\/div><\/div><\/div><\/div><\/section><section class=\"kc-elm kc-css-507029 kc_row\"><div class=\"kc-row-container  kc-container\"><div class=\"kc-wrap-columns\"><div class=\"kc-elm kc-css-196331 kc_col-sm-9 kc_column kc_col-sm-9\"><div class=\"kc-col-container\"><div class=\"kc-elm kc-css-702968 kc_text_block\"><\/p>\n<h3>SDC Belgelendirme<\/h3>\n<\/p>\n<p>Tecr\u00fcbeli ekibiyle uluslararas\u0131 platformda hizmet veren bir belgelendirme kurulu\u015fudur. M\u00fc\u015fterilerine<br \/>belgelendirme s\u00fcreci \u00f6ncesi ve sonras\u0131nda art\u0131 de\u011fer katmay\u0131 ama\u00e7 edinen SDC Belgelendirme, g\u00f6zlemle<br \/>ula\u015ft\u0131\u011f\u0131 tespitleri organizasyonun k\u00fcresel \u015fartlara uyum sa\u011flamas\u0131na yard\u0131mc\u0131 olmaktad\u0131r. SDC<br \/>Belgelendirme, profesyonel kadrosuyla \u00fc\u00e7\u00fcnc\u00fc taraf denetim, belgelendirme ve e\u011fitim hizmetleri<br \/>sa\u011flamaktad\u0131r.<\/p>\n<p>\n<\/div><\/div><\/div><div class=\"kc-elm kc-css-182253 kc_col-sm-3 kc_column kc_col-sm-3\"><div class=\"kc-col-container\"><div class=\"kc-elm kc-css-571900 kc_shortcode kc_single_image\">\n\n        <img decoding=\"async\" src=\"https:\/\/atlas-scc.com\/wp-content\/uploads\/sdc-logo.jpg\" class=\"\" alt=\"\" \/>    <\/div>\n<\/div><\/div><\/div><\/div><\/section><section class=\"kc-elm kc-css-461455 kc_row\"><div class=\"kc-row-container  kc-container\"><div class=\"kc-wrap-columns\"><div class=\"kc-elm kc-css-717552 kc_col-sm-3 kc_column kc_col-sm-3\"><div class=\"kc-col-container\"><div class=\"kc-elm kc-css-825535 kc_shortcode kc_single_image\">\n\n        <img decoding=\"async\" src=\"https:\/\/atlas-scc.com\/wp-content\/uploads\/human-network-logo.jpg\" class=\"\" alt=\"\" \/>    <\/div>\n<\/div><\/div><div class=\"kc-elm kc-css-507798 kc_col-sm-9 kc_column kc_col-sm-9\"><div class=\"kc-col-container\"><div class=\"kc-elm kc-css-476151 kc_text_block\"><\/p>\n<h3>Human Network<\/h3>\n<\/p>\n<p>2009 y\u0131l\u0131ndan bu yana\u00a0\u0130nsan Kaynaklar\u0131 alan\u0131nda Dan\u0131\u015fmanl\u0131k hizmeti veren bir \u00d6zel \u0130stihdam B\u00fcrosudur.<br \/>Kuruldu\u011fu ilk g\u00fcnden bug\u00fcne kadar insan odakl\u0131 Butik Hizmet modelini benimseyerek yerel ve<br \/>uluslararas\u0131 platformda \u00a0hizmet vermektedir. Sundu\u011fu kaliteli ve hedefe y\u00f6nelik \u00e7al\u0131\u015fmalarla da i\u015f<br \/>ortaklar\u0131yla g\u00fcven ili\u015fkisini kurmu\u015f ve sekt\u00f6rde yerini alm\u0131\u015ft\u0131r. Human Network, \u0130\u015fveren &#8211; \u00c7al\u0131\u015fan<br \/>ikilisindeki ortak de\u011ferlerin belirlenmesi ve bu do\u011frultuda se\u00e7imler yap\u0131lmas\u0131n\u0131 teknik yetkinlik ve<br \/>tecr\u00fcbe kadar \u00f6nemser. T\u00fcm s\u00fcre\u00e7leri etik de\u011ferlere uygun olarak y\u00f6netmeyi temel prensip olarak<br \/>benimser.<\/p>\n<p>\n<\/div><\/div><\/div><\/div><\/div><\/section><section class=\"kc-elm kc-css-131430 kc_row\"><div class=\"kc-row-container  kc-container\"><div class=\"kc-wrap-columns\"><div class=\"kc-elm kc-css-167930 kc_col-sm-9 kc_column kc_col-sm-9\"><div class=\"kc-col-container\"><div class=\"kc-elm kc-css-426985 kc_text_block\"><\/p>\n<h3>\u00c7a\u011flar \u00c7evre<\/h3>\n<p>\u015eirketimiz 2015 y\u0131l\u0131nda \u0130stanbul\u2019da kurulmu\u015f olup, T.C. \u00c7evre, \u015eehircilik ve \u0130klim De\u011fi\u015fikli\u011fi Bakanl\u0131\u011f\u0131 taraf\u0131ndan \u00e7evre dan\u0131\u015fmanl\u0131\u011f\u0131 yapmak \u00fczere yeterlilik belgesi alm\u0131\u015f ve yetkilendirilmi\u015f bir firmad\u0131r. Deneyimli ekibimizi ile \u0130stanbul ba\u015fta olmak \u00fczere \u00e7evre illerimizde bir\u00e7ok sanayi firmalar\u0131na hizmet vermekteyiz. Yasam\u0131z\u0131n gereklili\u011fini uygulayarak \u00e7al\u0131\u015ft\u0131\u011f\u0131m\u0131z firmalar\u0131 do\u011fru bi\u00e7imde y\u00f6nlendirerek \u00f6nceli\u011fimiz olan do\u011fal kaynaklar\u0131n korunmas\u0131n\u0131 hedeflemekteyiz. \u00c7al\u0131\u015fma prensibimiz ise g\u00fcvenilirlik ve do\u011fruluk ilkesiyle hareket ederek m\u00fc\u015fteri memnuniyeti sa\u011flamakt\u0131r.<u><\/u><u><\/u><\/p>\n<p>\n<\/div><\/div><\/div><div class=\"kc-elm kc-css-592427 kc_col-sm-3 kc_column kc_col-sm-3\"><div class=\"kc-col-container\"><div class=\"kc-elm kc-css-955973 kc_shortcode kc_single_image\">\n\n        <img decoding=\"async\" src=\"https:\/\/atlas-scc.com\/wp-content\/uploads\/caglarcevre-2.png\" class=\"\" alt=\"\" \/>    <\/div>\n<\/div><\/div><\/div><\/div><\/section><\/p>\n","protected":false},"excerpt":{"rendered":"","protected":false},"author":1,"featured_media":0,"parent":0,"menu_order":0,"comment_status":"closed","ping_status":"closed","template":"tpl-king_composer.php","meta":{"footnotes":""},"_links":{"self":[{"href":"https:\/\/atlas-scc.com\/tr\/wp-json\/wp\/v2\/pages\/751"}],"collection":[{"href":"https:\/\/atlas-scc.com\/tr\/wp-json\/wp\/v2\/pages"}],"about":[{"href":"https:\/\/atlas-scc.com\/tr\/wp-json\/wp\/v2\/types\/page"}],"author":[{"embeddable":true,"href":"https:\/\/atlas-scc.com\/tr\/wp-json\/wp\/v2\/users\/1"}],"replies":[{"embeddable":true,"href":"https:\/\/atlas-scc.com\/tr\/wp-json\/wp\/v2\/comments?post=751"}],"version-history":[{"count":31,"href":"https:\/\/atlas-scc.com\/tr\/wp-json\/wp\/v2\/pages\/751\/revisions"}],"predecessor-version":[{"id":1514,"href":"https:\/\/atlas-scc.com\/tr\/wp-json\/wp\/v2\/pages\/751\/revisions\/1514"}],"wp:attachment":[{"href":"https:\/\/atlas-scc.com\/tr\/wp-json\/wp\/v2\/media?parent=751"}],"curies":[{"name":"wp","href":"https:\/\/api.w.org\/{rel}","templated":true}]}}